{"id":3,"date":"2022-11-08T15:39:02","date_gmt":"2022-11-08T15:39:02","guid":{"rendered":"https:\/\/alovingmuffin.com\/pt\/\/?page_id=3"},"modified":"2022-11-10T19:03:04","modified_gmt":"2022-11-10T19:03:04","slug":"politica-de-privacidade","status":"publish","type":"page","link":"https:\/\/alovingmuffin.com\/pt\/politica-de-privacidade\/","title":{"rendered":"Pol\u00edtica de Privacidade"},"content":{"rendered":"\n<h2 class=\"wp-block-heading\">Pol\u00edtica de Privacidade<\/h2>\n\n\n\n<h4 class=\"wp-block-heading\">\u00c2mbito da nossa Pol\u00edtica de Privacidade<\/h4>\n\n\n\n<p>Este site respeita a privacidade do Utilizador e processa os seus dados pessoais de acordo com as leis em vigor. Os dados n\u00e3o ser\u00e3o processados para quaisquer outros fins que n\u00e3o os aqui especificados. O t\u00edtulo deste site reserva-se no direito de atualizar ou modificar a sua Pol\u00edtica de Privacidade a qualquer momento, nomeadamente, de forma a adapt\u00e1-la a altera\u00e7\u00f5es legislativas.<\/p>\n\n\n\n<hr class=\"wp-block-separator has-css-opacity\"\/>\n\n\n\n<h4 class=\"wp-block-heading\">Para que fins s\u00e3o recolhidos dados pessoais do Utilizador ?<\/h4>\n\n\n\n<p>Os dados recolhidos nos formul\u00e1rios do website destinam-se exclusivamente ao processamento dos pedidos dos utilizadores , e n\u00e3o ser\u00e3o usados para qualquer outro processamento.<\/p>\n\n\n\n<hr class=\"wp-block-separator has-css-opacity\"\/>\n\n\n\n<h4 class=\"wp-block-heading\">Este site utiliza os dados pessoais recolhidos para Marketing Directo&nbsp;?<\/h4>\n\n\n\n<p>Este site n\u00e3o utilizar\u00e1 os seus dados pessoais para lhe enviar qualquer correio n\u00e3o solicitado cujo conte\u00fado n\u00e3o tenha recebido o seu consentimento expl\u00edcito. Este site n\u00e3o vende nem negocia os seus dados com terceiros.<\/p>\n\n\n\n<hr class=\"wp-block-separator has-css-opacity\"\/>\n\n\n\n<h4 class=\"wp-block-heading\">Quem tem acesso aos dados pessoais do Utilizador?<\/h4>\n\n\n\n<p>Este site n\u00e3o divulga a terceiros quaisquer dados pessoais dos seus Clientes e Utilizadores, sem o seu consentimento, exceto quando tal for exigido por lei.<\/p>\n\n\n\n<hr class=\"wp-block-separator has-css-opacity\"\/>\n\n\n\n<h4 class=\"wp-block-heading\">Onde s\u00e3o guardados os dados do Utilizador?<\/h4>\n\n\n\n<p>Este site guarda os dados dos seus clientes e Utilizadores nos seus servidores localizados na Uni\u00e3o Europeia. Estes servidores s\u00e3o protegidos e mantidos de acordo com os mais elevados standards de seguran\u00e7a e por forma a respeitar as leis de privacidade aplic\u00e1veis. Caso deseje ser removido da nossa base de dados, poder\u00e1 exercer esse direito, contactando-nos atrav\u00e9s dos diversos meios dispon\u00edveis no site.<\/p>\n\n\n\n<hr class=\"wp-block-separator has-css-opacity\"\/>\n\n\n\n<h4 class=\"wp-block-heading\">Este site utiliza cookies ?<\/h4>\n\n\n\n<p>Este site utiliza cookies em determinadas \u00e1reas. Os cookies s\u00e3o ficheiros que armazenam informa\u00e7\u00f5es no disco r\u00edgido ou browser do Utilizador, permitindo que os websites o reconhe\u00e7am e saibam que j\u00e1 os visitou anteriormente. O Utilizador pode configurar o seu browser para recusar os cookies, por\u00e9m nesse caso, o website ou partes do mesmo podem n\u00e3o funcionar corretamente. Os cookies s\u00e3o utilizados para monitorizar e analisar a utiliza\u00e7\u00e3o do website, permitindo proporcionar a melhor experi\u00eancia de utiliza\u00e7\u00e3o.<\/p>\n","protected":false},"excerpt":{"rendered":"<p>Pol\u00edtica de Privacidade \u00c2mbito da nossa Pol\u00edtica de Privacidade Este site respeita a privacidade do Utilizador e processa os seus dados pessoais de acordo com as leis em vigor. Os dados n\u00e3o ser\u00e3o processados para quaisquer outros fins que n\u00e3o os aqui especificados. O t\u00edtulo deste site reserva-se no direito de atualizar ou modificar a &hellip;<\/p>\n<p class=\"read-more\"> <a class=\"\" href=\"https:\/\/alovingmuffin.com\/pt\/politica-de-privacidade\/\"> <span class=\"screen-reader-text\">Pol\u00edtica de Privacidade<\/span> Read More &raquo;<\/a><\/p>\n","protected":false},"author":1,"featured_media":0,"parent":0,"menu_order":0,"comment_status":"closed","ping_status":"closed","template":"","meta":{"site-sidebar-layout":"default","site-content-layout":"default","ast-global-header-display":"","ast-main-header-display":"","ast-hfb-above-header-display":"","ast-hfb-below-header-display":"","ast-hfb-mobile-header-display":"","site-post-title":"disabled","ast-breadcrumbs-content":"","ast-featured-img":"","footer-sml-layout":"","theme-transparent-header-meta":"","adv-header-id-meta":"","stick-header-meta":"","header-above-stick-meta":"","header-main-stick-meta":"","header-below-stick-meta":"","footnotes":""},"class_list":["post-3","page","type-page","status-publish","hentry"],"yoast_head":"<!-- This site is optimized with the Yoast SEO plugin v19.10 - https:\/\/yoast.com\/wordpress\/plugins\/seo\/ -->\n<title>Pol\u00edtica de Privacidade - A Loving Muffin<\/title>\n<meta name=\"robots\" content=\"noindex, nofollow\" \/>\n<meta property=\"og:locale\" content=\"pt_PT\" \/>\n<meta property=\"og:type\" content=\"article\" \/>\n<meta property=\"og:title\" content=\"Pol\u00edtica de Privacidade - A Loving Muffin\" \/>\n<meta property=\"og:description\" content=\"Pol\u00edtica de Privacidade \u00c2mbito da nossa Pol\u00edtica de Privacidade Este site respeita a privacidade do Utilizador e processa os seus dados pessoais de acordo com as leis em vigor. Os dados n\u00e3o ser\u00e3o processados para quaisquer outros fins que n\u00e3o os aqui especificados. O t\u00edtulo deste site reserva-se no direito de atualizar ou modificar a &hellip; Pol\u00edtica de Privacidade Read More &raquo;\" \/>\n<meta property=\"og:url\" content=\"https:\/\/alovingmuffin.com\/pt\/politica-de-privacidade\/\" \/>\n<meta property=\"og:site_name\" content=\"A Loving Muffin\" \/>\n<meta property=\"article:modified_time\" content=\"2022-11-10T19:03:04+00:00\" \/>\n<meta name=\"twitter:card\" content=\"summary_large_image\" \/>\n<meta name=\"twitter:label1\" content=\"Tempo estimado de leitura\" \/>\n\t<meta name=\"twitter:data1\" content=\"2 minutos\" \/>\n<script type=\"application\/ld+json\" class=\"yoast-schema-graph\">{\"@context\":\"https:\/\/schema.org\",\"@graph\":[{\"@type\":\"WebPage\",\"@id\":\"https:\/\/alovingmuffin.com\/pt\/politica-de-privacidade\/\",\"url\":\"https:\/\/alovingmuffin.com\/pt\/politica-de-privacidade\/\",\"name\":\"Pol\u00edtica de Privacidade - A Loving Muffin\",\"isPartOf\":{\"@id\":\"https:\/\/alovingmuffin.com\/pt\/#website\"},\"datePublished\":\"2022-11-08T15:39:02+00:00\",\"dateModified\":\"2022-11-10T19:03:04+00:00\",\"breadcrumb\":{\"@id\":\"https:\/\/alovingmuffin.com\/pt\/politica-de-privacidade\/#breadcrumb\"},\"inLanguage\":\"pt-PT\",\"potentialAction\":[{\"@type\":\"ReadAction\",\"target\":[\"https:\/\/alovingmuffin.com\/pt\/politica-de-privacidade\/\"]}]},{\"@type\":\"BreadcrumbList\",\"@id\":\"https:\/\/alovingmuffin.com\/pt\/politica-de-privacidade\/#breadcrumb\",\"itemListElement\":[{\"@type\":\"ListItem\",\"position\":1,\"name\":\"Home\",\"item\":\"https:\/\/alovingmuffin.com\/pt\/\"},{\"@type\":\"ListItem\",\"position\":2,\"name\":\"Pol\u00edtica de Privacidade\"}]},{\"@type\":\"WebSite\",\"@id\":\"https:\/\/alovingmuffin.com\/pt\/#website\",\"url\":\"https:\/\/alovingmuffin.com\/pt\/\",\"name\":\"A Loving Muffin\",\"description\":\"Ilustra\u00e7\u00f5es Kawaii 100% Originais\",\"potentialAction\":[{\"@type\":\"SearchAction\",\"target\":{\"@type\":\"EntryPoint\",\"urlTemplate\":\"https:\/\/alovingmuffin.com\/pt\/?s={search_term_string}\"},\"query-input\":\"required name=search_term_string\"}],\"inLanguage\":\"pt-PT\"}]}<\/script>\n<!-- \/ Yoast SEO plugin. -->","yoast_head_json":{"title":"Pol\u00edtica de Privacidade - A Loving Muffin","robots":{"index":"noindex","follow":"nofollow"},"og_locale":"pt_PT","og_type":"article","og_title":"Pol\u00edtica de Privacidade - A Loving Muffin","og_description":"Pol\u00edtica de Privacidade \u00c2mbito da nossa Pol\u00edtica de Privacidade Este site respeita a privacidade do Utilizador e processa os seus dados pessoais de acordo com as leis em vigor. Os dados n\u00e3o ser\u00e3o processados para quaisquer outros fins que n\u00e3o os aqui especificados. O t\u00edtulo deste site reserva-se no direito de atualizar ou modificar a &hellip; Pol\u00edtica de Privacidade Read More &raquo;","og_url":"https:\/\/alovingmuffin.com\/pt\/politica-de-privacidade\/","og_site_name":"A Loving Muffin","article_modified_time":"2022-11-10T19:03:04+00:00","twitter_card":"summary_large_image","twitter_misc":{"Tempo estimado de leitura":"2 minutos"},"schema":{"@context":"https:\/\/schema.org","@graph":[{"@type":"WebPage","@id":"https:\/\/alovingmuffin.com\/pt\/politica-de-privacidade\/","url":"https:\/\/alovingmuffin.com\/pt\/politica-de-privacidade\/","name":"Pol\u00edtica de Privacidade - A Loving Muffin","isPartOf":{"@id":"https:\/\/alovingmuffin.com\/pt\/#website"},"datePublished":"2022-11-08T15:39:02+00:00","dateModified":"2022-11-10T19:03:04+00:00","breadcrumb":{"@id":"https:\/\/alovingmuffin.com\/pt\/politica-de-privacidade\/#breadcrumb"},"inLanguage":"pt-PT","potentialAction":[{"@type":"ReadAction","target":["https:\/\/alovingmuffin.com\/pt\/politica-de-privacidade\/"]}]},{"@type":"BreadcrumbList","@id":"https:\/\/alovingmuffin.com\/pt\/politica-de-privacidade\/#breadcrumb","itemListElement":[{"@type":"ListItem","position":1,"name":"Home","item":"https:\/\/alovingmuffin.com\/pt\/"},{"@type":"ListItem","position":2,"name":"Pol\u00edtica de Privacidade"}]},{"@type":"WebSite","@id":"https:\/\/alovingmuffin.com\/pt\/#website","url":"https:\/\/alovingmuffin.com\/pt\/","name":"A Loving Muffin","description":"Ilustra\u00e7\u00f5es Kawaii 100% Originais","potentialAction":[{"@type":"SearchAction","target":{"@type":"EntryPoint","urlTemplate":"https:\/\/alovingmuffin.com\/pt\/?s={search_term_string}"},"query-input":"required name=search_term_string"}],"inLanguage":"pt-PT"}]}},"_links":{"self":[{"href":"https:\/\/alovingmuffin.com\/pt\/wp-json\/wp\/v2\/pages\/3","targetHints":{"allow":["GET"]}}],"collection":[{"href":"https:\/\/alovingmuffin.com\/pt\/wp-json\/wp\/v2\/pages"}],"about":[{"href":"https:\/\/alovingmuffin.com\/pt\/wp-json\/wp\/v2\/types\/page"}],"author":[{"embeddable":true,"href":"https:\/\/alovingmuffin.com\/pt\/wp-json\/wp\/v2\/users\/1"}],"replies":[{"embeddable":true,"href":"https:\/\/alovingmuffin.com\/pt\/wp-json\/wp\/v2\/comments?post=3"}],"version-history":[{"count":4,"href":"https:\/\/alovingmuffin.com\/pt\/wp-json\/wp\/v2\/pages\/3\/revisions"}],"predecessor-version":[{"id":851,"href":"https:\/\/alovingmuffin.com\/pt\/wp-json\/wp\/v2\/pages\/3\/revisions\/851"}],"wp:attachment":[{"href":"https:\/\/alovingmuffin.com\/pt\/wp-json\/wp\/v2\/media?parent=3"}],"curies":[{"name":"wp","href":"https:\/\/api.w.org\/{rel}","templated":true}]}}